{"id":3,"date":"2024-04-23T18:48:07","date_gmt":"2024-04-23T18:48:07","guid":{"rendered":"https:\/\/asesoressr.com\/?page_id=3"},"modified":"2024-05-13T19:48:15","modified_gmt":"2024-05-13T19:48:15","slug":"politica-privacidad","status":"publish","type":"page","link":"https:\/\/asesoressr.com\/?page_id=3","title":{"rendered":"Aviso de privacidad"},"content":{"rendered":"\t\t<div data-elementor-type=\"wp-page\" data-elementor-id=\"3\" class=\"elementor elementor-3\" data-elementor-post-type=\"page\">\n\t\t\t\t<div class=\"elementor-element elementor-element-5326772e e-flex e-con-boxed e-con e-parent\" data-id=\"5326772e\" data-element_type=\"container\" data-e-type=\"container\">\n\t\t\t\t\t<div class=\"e-con-inner\">\n\t\t\t\t<div class=\"elementor-element elementor-element-1810a14e elementor-widget elementor-widget-text-editor\" data-id=\"1810a14e\" data-element_type=\"widget\" data-e-type=\"widget\" data-widget_type=\"text-editor.default\">\n\t\t\t\t<div class=\"elementor-widget-container\">\n\t\t\t\t\t\t\t\t\t<h4>AVISO DE PRIVACIDAD<\/h4>\t\t\t\t\t\t\t\t<\/div>\n\t\t\t\t<\/div>\n\t\t\t\t<div class=\"elementor-element elementor-element-4c094b9 elementor-widget elementor-widget-text-editor\" data-id=\"4c094b9\" data-element_type=\"widget\" data-e-type=\"widget\" data-widget_type=\"text-editor.default\">\n\t\t\t\t<div class=\"elementor-widget-container\">\n\t\t\t\t\t\t\t\t\t<p><strong>Pol\u00edticas de Privacidad<\/strong><br \/><br \/>En Asesores Senior estamos comprometidos a protegerte a ti y a tus seres queridos. Como parte de esta protecci\u00f3n, te informamos que los datos personales que nos proporcionas son tratados con absoluta confidencialidad y que contamos con las medidas de seguridad suficientes para garantizar la protecci\u00f3n de tus datos personales en apego a la Ley Federal de Protecci\u00f3n de Datos Personales en Posesi\u00f3n de los Particulares. Por ello, ponemos a tu disposici\u00f3n nuestro Aviso de Privacidad.<\/p>\t\t\t\t\t\t\t\t<\/div>\n\t\t\t\t<\/div>\n\t\t\t\t<div class=\"elementor-element elementor-element-9a5ae91 elementor-widget elementor-widget-text-editor\" data-id=\"9a5ae91\" data-element_type=\"widget\" data-e-type=\"widget\" data-widget_type=\"text-editor.default\">\n\t\t\t\t<div class=\"elementor-widget-container\">\n\t\t\t\t\t\t\t\t\t<p><strong>I. Identidad y domicilio del responsable que recaba los datos.<\/strong><\/p>\n<p>Asesores Senior, ubicado en Plaza Carso, Torre Frisco Piso 17, Lago Z\u00farich 245 Col. Ampliaci\u00f3n Granada Miguel Hidalgo, Ciudad de M\u00e9xico CP.11529<\/p>\t\t\t\t\t\t\t\t<\/div>\n\t\t\t\t<\/div>\n\t\t\t\t<div class=\"elementor-element elementor-element-86a3b2f elementor-widget elementor-widget-text-editor\" data-id=\"86a3b2f\" data-element_type=\"widget\" data-e-type=\"widget\" data-widget_type=\"text-editor.default\">\n\t\t\t\t<div class=\"elementor-widget-container\">\n\t\t\t\t\t\t\t\t\t<p><strong>II. Finalidades del tratamiento de datos.<\/strong><\/p>\n<p>Los datos personales que recabamos directamente de ti, de otras fuentes permitidas por la ley o los que se generen de estas o de la relaci\u00f3n que lleguemos a establecer, y que son necesarios para otorgarte servicios financieros relativos a la contrataci\u00f3n de seguros o los que se deriven o sean accesorias de \u00e9sta, los utilizamos para evaluar tu solicitud de seguro, analizar riesgos, identificar, operar, administrar, dictaminar, tramitar tus siniestros, prevenir fraudes y cumplir obligaciones derivadas de cualquier relaci\u00f3n jur\u00eddica que establezcamos conforme a la Legislaci\u00f3n aplicable en materia de Seguros; generar datos estad\u00edsticos; evaluar la calidad del servicio; y para fines secundarios al promocionarte nuestros productos o servicios financieros o de nuestras filiales, subsidiarias y partes relacionadas o al realizar campa\u00f1as publicitarias o con fines de mercadotecnia. Para estas finalidades, requerimos tus datos personales de identificaci\u00f3n, laborales, acad\u00e9micos y migratorios; tus datos patrimoniales y financieros; y tus datos personales sensibles de salud y caracter\u00edsticas f\u00edsicas.<\/p>\t\t\t\t\t\t\t\t<\/div>\n\t\t\t\t<\/div>\n\t\t\t\t<div class=\"elementor-element elementor-element-e1b55da elementor-widget elementor-widget-text-editor\" data-id=\"e1b55da\" data-element_type=\"widget\" data-e-type=\"widget\" data-widget_type=\"text-editor.default\">\n\t\t\t\t<div class=\"elementor-widget-container\">\n\t\t\t\t\t\t\t\t\t<p><strong>III. Sobre el uso de tus datos personales<\/strong><\/p>\n<p>A) Generalidades<\/p>\n<p>Asesores Senior se encuentra obligado conforme a la Ley para la Protecci\u00f3n y Defensa al Usuario de Servicios Financieros a no enviarte publicidad en aquellas direcciones, n\u00fameros telef\u00f3nicos, direcciones electr\u00f3nicas que nos hayas indicado como direcci\u00f3n privada. Esta obligaci\u00f3n no incluye aquellas direcciones f\u00edsicas o electr\u00f3nicas, n\u00fameros telef\u00f3nicos o lugares que no hayas indicado expresamente.<\/p>\n<p>B) Aviso de Direcciones privadas<\/p>\n<p>Para manifestar preferencias de privacidad conforme a la Ley es necesario que t\u00fa seas cliente de Asesores Senior. La Ley de Protecci\u00f3n y Defensa al Usuario de Servicios Financieros concede esta facultad solamente a aquellas personas que re\u00fanen la calidad de &#8220;usuarios&#8221; de servicios financieros conforme al art\u00edculo 2\u00ba de dicho ordenamiento.<\/p>\t\t\t\t\t\t\t\t<\/div>\n\t\t\t\t<\/div>\n\t\t\t\t<div class=\"elementor-element elementor-element-b04d4f1 elementor-widget elementor-widget-text-editor\" data-id=\"b04d4f1\" data-element_type=\"widget\" data-e-type=\"widget\" data-widget_type=\"text-editor.default\">\n\t\t\t\t<div class=\"elementor-widget-container\">\n\t\t\t\t\t\t\t\t\t<p><strong>IV. Medios para ejercer tus derechos y revocar tu consentimiento<\/strong><\/p>\n<p>Tienes derecho a acceder, rectificar, cancelar y oponerte al tratamiento de tus datos o puedes revocar el consentimiento que nos hayas otorgado solicit\u00e1ndolo personalmente en nuestro departamento de protecci\u00f3n de datos enviando un correo a\u00a0contacto@asesoressr.com\u00a0acompa\u00f1ando a dicha solicitud lo siguiente:<\/p>\n<p>a) Tu nombre completo como titular de los datos y correo electr\u00f3nico, domicilio u otro medio para que te comuniquemos la respuesta a tu solicitud;<\/p>\n<p>b) Los documentos que acrediten tu identidad o, en su caso, a la de tu representante legal;<\/p>\n<p>c) La descripci\u00f3n clara y precisa de los datos personales respecto de los que buscas ejercer alguno de los derechos antes mencionados, y<\/p>\n<p>d) Cualquier otro elemento o documento que facilite la localizaci\u00f3n de tus datos personales.<\/p>\n<p>En el caso de solicitudes de rectificaci\u00f3n de datos personales, deber\u00e1s indicar, adem\u00e1s de lo se\u00f1alado anteriormente, las modificaciones a realizarse y aportar la documentaci\u00f3n que sustente tu petici\u00f3n. Asesores Senior te comunicar\u00e1, en un plazo m\u00e1ximo de veinte d\u00edas h\u00e1biles, contados desde la fecha en que se recibi\u00f3 tu solicitud, la determinaci\u00f3n adoptada, a efecto de que, si resulta procedente, se haga efectiva la misma dentro de los quince d\u00edas h\u00e1biles siguientes a la fecha en que te comunica la respuesta. Trat\u00e1ndose de solicitudes de acceso a datos personales, proceder\u00e1 la entrega previa acreditaci\u00f3n de la identidad del solicitante o representante legal, seg\u00fan corresponda.<\/p>\n<p>Los plazos antes referidos podr\u00e1n ser ampliados una sola vez por un periodo igual, siempre y cuando as\u00ed lo justifiquen las circunstancias del caso.<\/p>\n<p>La obligaci\u00f3n de acceso a tu informaci\u00f3n se dar\u00e1 por cumplida cuando se pongan a tu disposici\u00f3n los datos personales; o bien, mediante la expedici\u00f3n de copias simples, documentos electr\u00f3nicos o cualquier otro medio. Asesores Senior podr\u00e1 negarte el acceso a los datos personales, o a realizar la rectificaci\u00f3n o cancelaci\u00f3n o conceder la oposici\u00f3n al tratamiento de los mismos, en los siguientes casos:<\/p>\n<p>I. Si eres el solicitante, pero no el titular de los datos personales, o tu representante legal no est\u00e9 debidamente acreditado para ello;<\/p>\n<p>II. Cuando en nuestra base de datos, no se encuentren tus datos personales;<\/p>\n<p>III. Cuando se lesionen los derechos de un tercero;<\/p>\n<p>IV. Cuando exista un impedimento legal, o la resoluci\u00f3n de una autoridad competente, que restrinja el acceso a tus datos personales, o no permita la rectificaci\u00f3n, cancelaci\u00f3n u oposici\u00f3n de los mismos, y<\/p>\n<p>V. Cuando la rectificaci\u00f3n, cancelaci\u00f3n u oposici\u00f3n haya sido previamente realizada.<\/p>\n<p>En todos los casos anteriores, te informaremos el motivo de nuestra decisi\u00f3n y te la comunicaremos, o en su caso, a tu representante legal, en los plazos establecidos para tal efecto, por el mismo medio por el que se llev\u00f3 a cabo la solicitud, acompa\u00f1ando, en su caso, las pruebas que resulten pertinentes.<\/p>\t\t\t\t\t\t\t\t<\/div>\n\t\t\t\t<\/div>\n\t\t\t\t<div class=\"elementor-element elementor-element-5f90a24 elementor-widget elementor-widget-text-editor\" data-id=\"5f90a24\" data-element_type=\"widget\" data-e-type=\"widget\" data-widget_type=\"text-editor.default\">\n\t\t\t\t<div class=\"elementor-widget-container\">\n\t\t\t\t\t\t\t\t\t<p><strong>V. Transferencia de datos<\/strong><\/p>\n<p>Podemos transferir tus datos a terceros nacionales o internacionales como dependencias, entidades o instancias gubernamentales para fines de Ley o por requerimiento de Autoridad; a prestadores de servicios de salud para tramitar tus siniestros; a organizaciones del sector asegurador para fines de prevenci\u00f3n de fraude y selecci\u00f3n de riesgos; a nuestras sociedades controladoras y casa matriz para la administraci\u00f3n de tu seguro; y a nuestras subsidiarias, filiales y partes relacionadas para fines de mercadotecnia, publicidad o prospecci\u00f3n comercial.<\/p>\t\t\t\t\t\t\t\t<\/div>\n\t\t\t\t<\/div>\n\t\t\t\t<div class=\"elementor-element elementor-element-88ab7d9 elementor-widget elementor-widget-text-editor\" data-id=\"88ab7d9\" data-element_type=\"widget\" data-e-type=\"widget\" data-widget_type=\"text-editor.default\">\n\t\t\t\t<div class=\"elementor-widget-container\">\n\t\t\t\t\t\t\t\t\t<p><strong>VI. Cambios al aviso de privacidad<\/strong><\/p>\n<p>Los cambios o actualizaciones a este aviso de privacidad est\u00e1n disponibles y puedes consultarlos peri\u00f3dicamente en nuestro sitio de internet\u00a0www.asesoressr.com\u00a0en el v\u00ednculo de pol\u00edtica de privacidad. Este aviso se fundamenta en lo dispuesto en la Ley Federal de Protecci\u00f3n de Datos Personales en Posesi\u00f3n de los Particulares y dem\u00e1s legislaci\u00f3n aplicable.<\/p>\t\t\t\t\t\t\t\t<\/div>\n\t\t\t\t<\/div>\n\t\t\t\t<div class=\"elementor-element elementor-element-75384a4 elementor-widget elementor-widget-text-editor\" data-id=\"75384a4\" data-element_type=\"widget\" data-e-type=\"widget\" data-widget_type=\"text-editor.default\">\n\t\t\t\t<div class=\"elementor-widget-container\">\n\t\t\t\t\t\t\t\t\t<p><strong>Cookies<\/strong><\/p>\n<p>La cookie es una breve informaci\u00f3n que el portal de Internet env\u00eda a tu computadora, la cual queda almacenada en el disco duro. La pr\u00f3xima vez que ingreses a nuestro portal, podremos usar la informaci\u00f3n almacenada en la cookie para facilitarte el uso de nuestro sitio de Internet. Por ejemplo, podemos usar tu cookie para almacenar una contrase\u00f1a para que no tengas que ingresarla de nuevo cada vez que te traslades a una secci\u00f3n diferente de nuestro portal de Internet. Una cookie no nos permite conocer tu identidad personal a menos que expresamente elijas proporcion\u00e1rnosla. La mayor\u00eda de las cookies expiran despu\u00e9s de un periodo determinado de tiempo, o bien las puedes borrar en el momento en que lo desees siguiendo las instrucciones de su navegador de Internet. Asimismo, puedes hacer que tu navegador te avise cuando recibes una cookie de manera que puedas aceptarlas o rechazarlas siguiendo las instrucciones de su navegador de Internet.<\/p>\t\t\t\t\t\t\t\t<\/div>\n\t\t\t\t<\/div>\n\t\t\t\t<div class=\"elementor-element elementor-element-cb879c6 elementor-widget elementor-widget-text-editor\" data-id=\"cb879c6\" data-element_type=\"widget\" data-e-type=\"widget\" data-widget_type=\"text-editor.default\">\n\t\t\t\t<div class=\"elementor-widget-container\">\n\t\t\t\t\t\t\t\t\t<p><strong>Definiciones<\/strong><\/p>\n<p>Para efectos de este aviso de privacidad, los t\u00e9rminos mencionados tienen el significado que se les atribuye conforme a las definiciones siguientes:<\/p>\n<ul>\n<li><strong>Datos personales de identificaci\u00f3n:<\/strong> nombre completo, direcci\u00f3n, tel\u00e9fonos, correo electr\u00f3nico, celular, estado civil, nombre del c\u00f3nyuge, concubinario (a) o pareja en convivencia, firma aut\u00f3grafa y electr\u00f3nica, fotograf\u00eda, Registro Federal de Contribuyentes (RFC), Clave \u00danica de Registro Poblacional (CURP), lugar y fecha de nacimiento, edad, nombres de familiares, dependientes econ\u00f3micos y beneficiarios, entre otros.<\/li>\n<li><strong>Datos personales laborales<\/strong>: ocupaci\u00f3n, nombre de la empresa o dependencia, puesto, \u00e1rea o departamento, domicilio, tel\u00e9fono y correo electr\u00f3nico de trabajo, actividades extracurriculares, referencias laborales y referencias personales, entre otros.<\/li>\n<li><strong>Datos personales acad\u00e9micos y migratorios:<\/strong> trayectoria educativa, t\u00edtulo, n\u00famero de c\u00e9dula, certificados, entre otros.<\/li>\n<li><strong>Datos patrimoniales y financieros:<\/strong> bienes muebles e inmuebles, historial crediticio, ingresos y egresos, cuentas bancarias, seguros, afore, fianzas, informaci\u00f3n fiscal, cualquier tipo de garant\u00eda otorgada, y servicios contratados, entre otros.<\/li>\n<li><strong>Datos personales sensibles de salud:<\/strong> estado de salud, historial cl\u00ednico, alergias, enfermedades, discapacidades, intervenciones quir\u00fargicas, vacunas, uso de aparatos oftalmol\u00f3gico, ortop\u00e9dicos o auditivos, informaci\u00f3n relacionada con cuestiones de car\u00e1cter psicol\u00f3gico y\/o psiqui\u00e1trico, entre otros.<\/li>\n<li><strong>Caracter\u00edsticas f\u00edsicas:<\/strong> color de piel, iris y cabellos, se\u00f1ales particulares; estatura, peso, complexi\u00f3n, tipo de sangre, ADN, huella digital, entre otros.<\/li>\n<li><strong>Titular:<\/strong> la persona f\u00edsica a quien corresponden los datos personales (denominado tambi\u00e9n en lo sucesivo &#8220;tu&#8221; o &#8220;tus&#8221;).<\/li>\n<li><strong>Tratamiento:<\/strong> la obtenci\u00f3n, uso, divulgaci\u00f3n o almacenamiento de datos personales, por cualquier medio. El uso abarca cualquier acci\u00f3n de acceso, manejo, aprovechamiento, transferencia o disposici\u00f3n de datos personales.<\/li>\n<li><strong>Responsable:<\/strong> Asesores Senior, que es quien decide sobre el tratamiento de los datos personales.<\/li>\n<li><strong>Transferencia:<\/strong> toda comunicaci\u00f3n de datos realizada a persona distinta de Asesores Senior encargado del tratamiento.<\/li>\n<li><strong>Ley:<\/strong> Ley Federal de Protecci\u00f3n de Datos Personales en Posesi\u00f3n de los Particulares.<\/li>\n<\/ul>\n<p>FECHA DE LA \u00daLTIMA ACTUALIZACI\u00d3N: Agosto, 2023<\/p>\t\t\t\t\t\t\t\t<\/div>\n\t\t\t\t<\/div>\n\t\t\t\t\t<\/div>\n\t\t\t\t<\/div>\n\t\t\t\t<\/div>\n\t\t","protected":false},"excerpt":{"rendered":"<p>AVISO DE PRIVACIDAD Pol\u00edticas de Privacidad En Asesores Senior estamos comprometidos a protegerte a ti y a tus seres queridos. Como parte de esta protecci\u00f3n, te informamos que los datos personales que nos proporcionas son tratados con absoluta confidencialidad y que contamos con las medidas de seguridad suficientes para garantizar la protecci\u00f3n de tus datos [&hellip;]<\/p>\n","protected":false},"author":1,"featured_media":0,"parent":0,"menu_order":0,"comment_status":"closed","ping_status":"open","template":"elementor_header_footer","meta":{"footnotes":""},"class_list":["post-3","page","type-page","status-publish","hentry"],"_links":{"self":[{"href":"https:\/\/asesoressr.com\/index.php?rest_route=\/wp\/v2\/pages\/3","targetHints":{"allow":["GET"]}}],"collection":[{"href":"https:\/\/asesoressr.com\/index.php?rest_route=\/wp\/v2\/pages"}],"about":[{"href":"https:\/\/asesoressr.com\/index.php?rest_route=\/wp\/v2\/types\/page"}],"author":[{"embeddable":true,"href":"https:\/\/asesoressr.com\/index.php?rest_route=\/wp\/v2\/users\/1"}],"replies":[{"embeddable":true,"href":"https:\/\/asesoressr.com\/index.php?rest_route=%2Fwp%2Fv2%2Fcomments&post=3"}],"version-history":[{"count":8,"href":"https:\/\/asesoressr.com\/index.php?rest_route=\/wp\/v2\/pages\/3\/revisions"}],"predecessor-version":[{"id":538,"href":"https:\/\/asesoressr.com\/index.php?rest_route=\/wp\/v2\/pages\/3\/revisions\/538"}],"wp:attachment":[{"href":"https:\/\/asesoressr.com\/index.php?rest_route=%2Fwp%2Fv2%2Fmedia&parent=3"}],"curies":[{"name":"wp","href":"https:\/\/api.w.org\/{rel}","templated":true}]}}