{"id":466,"date":"2024-05-11T00:28:53","date_gmt":"2024-05-11T00:28:53","guid":{"rendered":"https:\/\/asesoressr.com\/?page_id=466"},"modified":"2024-07-30T01:45:21","modified_gmt":"2024-07-30T01:45:21","slug":"obten-una-asesoria","status":"publish","type":"page","link":"https:\/\/asesoressr.com\/?page_id=466","title":{"rendered":"Obt\u00e9n una asesor\u00eda"},"content":{"rendered":"\t\t<div data-elementor-type=\"wp-page\" data-elementor-id=\"466\" class=\"elementor elementor-466\" data-elementor-post-type=\"page\">\n\t\t\t\t<div class=\"elementor-element elementor-element-4100f5da e-flex e-con-boxed e-con e-parent\" data-id=\"4100f5da\" data-element_type=\"container\" data-settings=\"{&quot;background_background&quot;:&quot;classic&quot;}\">\n\t\t\t\t\t<div class=\"e-con-inner\">\n\t\t<div class=\"elementor-element elementor-element-eb58a83 e-flex e-con-boxed e-con e-child\" data-id=\"eb58a83\" data-element_type=\"container\">\n\t\t\t\t\t<div class=\"e-con-inner\">\n\t\t\t\t<div class=\"elementor-element elementor-element-2fb43861 elementor-widget elementor-widget-heading\" data-id=\"2fb43861\" data-element_type=\"widget\" data-widget_type=\"heading.default\">\n\t\t\t\t<div class=\"elementor-widget-container\">\n\t\t\t\t\t<h1 class=\"elementor-heading-title elementor-size-default\">Obt\u00e9n una asesor\u00eda<\/h1>\t\t\t\t<\/div>\n\t\t\t\t<\/div>\n\t\t\t\t<div class=\"elementor-element elementor-element-52becafa elementor-widget elementor-widget-heading\" data-id=\"52becafa\" data-element_type=\"widget\" data-widget_type=\"heading.default\">\n\t\t\t\t<div class=\"elementor-widget-container\">\n\t\t\t\t\t<h5 class=\"elementor-heading-title elementor-size-default\">Si llegaste hasta aqu\u00ed, \u00a1est\u00e1s listo!<\/h5>\t\t\t\t<\/div>\n\t\t\t\t<\/div>\n\t\t\t\t\t<\/div>\n\t\t\t\t<\/div>\n\t\t\t\t<div class=\"elementor-element elementor-element-6a440a5c elementor-widget__width-auto elementor-absolute elementor-widget elementor-widget-image\" data-id=\"6a440a5c\" data-element_type=\"widget\" data-settings=\"{&quot;_position&quot;:&quot;absolute&quot;}\" data-widget_type=\"image.default\">\n\t\t\t\t<div class=\"elementor-widget-container\">\n\t\t\t\t\t\t\t\t\t\t\t\t\t\t\t<img fetchpriority=\"high\" decoding=\"async\" width=\"799\" height=\"799\" src=\"https:\/\/asesoressr.com\/wp-content\/uploads\/2024\/05\/Masking003-1-e1710014778719.png\" class=\"attachment-full size-full wp-image-192\" alt=\"\" srcset=\"https:\/\/asesoressr.com\/wp-content\/uploads\/2024\/05\/Masking003-1-e1710014778719.png 799w, https:\/\/asesoressr.com\/wp-content\/uploads\/2024\/05\/Masking003-1-e1710014778719-300x300.png 300w, https:\/\/asesoressr.com\/wp-content\/uploads\/2024\/05\/Masking003-1-e1710014778719-150x150.png 150w, https:\/\/asesoressr.com\/wp-content\/uploads\/2024\/05\/Masking003-1-e1710014778719-768x768.png 768w\" sizes=\"(max-width: 799px) 100vw, 799px\" \/>\t\t\t\t\t\t\t\t\t\t\t\t\t\t\t<\/div>\n\t\t\t\t<\/div>\n\t\t\t\t\t<\/div>\n\t\t\t\t<\/div>\n\t\t<div class=\"elementor-element elementor-element-38a908d3 e-flex e-con-boxed e-con e-parent\" data-id=\"38a908d3\" data-element_type=\"container\">\n\t\t\t\t\t<div class=\"e-con-inner\">\n\t\t<div class=\"elementor-element elementor-element-27107ad3 e-con-full e-flex e-con e-child\" data-id=\"27107ad3\" data-element_type=\"container\">\n\t\t\t\t<div class=\"elementor-element elementor-element-422dd987 elementor-widget elementor-widget-heading\" data-id=\"422dd987\" data-element_type=\"widget\" data-widget_type=\"heading.default\">\n\t\t\t\t<div class=\"elementor-widget-container\">\n\t\t\t\t\t<h2 class=\"elementor-heading-title elementor-size-default\">Agendar asesor\u00eda<\/h2>\t\t\t\t<\/div>\n\t\t\t\t<\/div>\n\t\t\t\t<div class=\"elementor-element elementor-element-64c4792d elementor-widget elementor-widget-text-editor\" data-id=\"64c4792d\" data-element_type=\"widget\" data-widget_type=\"text-editor.default\">\n\t\t\t\t<div class=\"elementor-widget-container\">\n\t\t\t\t\t\t\t\t\t<p>Completa los datos del formulario, tu solicitud de asesor\u00eda le llegar\u00e1 a nuestro equipo comercial y se pondr\u00e1n en contacto contigo v\u00eda WhatsApp para agendar fecha y hora.<\/p>\t\t\t\t\t\t\t\t<\/div>\n\t\t\t\t<\/div>\n\t\t\t\t<div class=\"elementor-element elementor-element-5e263cca elementor-button-align-start elementor-widget elementor-widget-form\" data-id=\"5e263cca\" data-element_type=\"widget\" data-settings=\"{&quot;step_type&quot;:&quot;none&quot;,&quot;step_icon_shape&quot;:&quot;none&quot;}\" data-widget_type=\"form.default\">\n\t\t\t\t<div class=\"elementor-widget-container\">\n\t\t\t\t\t\t\t<form class=\"elementor-form\" method=\"post\" name=\"Formulario_Asesor\u00eda\" novalidate=\"\">\n\t\t\t<input type=\"hidden\" name=\"post_id\" value=\"466\"\/>\n\t\t\t<input type=\"hidden\" name=\"form_id\" value=\"5e263cca\"\/>\n\t\t\t<input type=\"hidden\" name=\"referer_title\" value=\"\" \/>\n\n\t\t\t\n\t\t\t<div class=\"elementor-form-fields-wrapper elementor-labels-above\">\n\t\t\t\t\t\t\t\t<div class=\"elementor-field-type-text elementor-field-group elementor-column elementor-field-group-Nombre elementor-col-50 elementor-field-required elementor-mark-required\">\n\t\t\t\t\t\t\t\t\t\t\t\t<label for=\"form-field-Nombre\" class=\"elementor-field-label\">\n\t\t\t\t\t\t\t\tNombre completo\t\t\t\t\t\t\t<\/label>\n\t\t\t\t\t\t\t\t\t\t\t\t\t\t<input size=\"1\" type=\"text\" name=\"form_fields[Nombre]\" id=\"form-field-Nombre\" class=\"elementor-field elementor-size-md  elementor-field-textual\" placeholder=\"Nombre completo\" required=\"required\" aria-required=\"true\">\n\t\t\t\t\t\t\t\t\t\t\t<\/div>\n\t\t\t\t\t\t\t\t<div class=\"elementor-field-type-date elementor-field-group elementor-column elementor-field-group-nacimiento elementor-col-50 elementor-field-required elementor-mark-required\">\n\t\t\t\t\t\t\t\t\t\t\t\t<label for=\"form-field-nacimiento\" class=\"elementor-field-label\">\n\t\t\t\t\t\t\t\tFecha de nacimiento\t\t\t\t\t\t\t<\/label>\n\t\t\t\t\t\t\n\t\t<input type=\"date\" name=\"form_fields[nacimiento]\" id=\"form-field-nacimiento\" class=\"elementor-field elementor-size-md  elementor-field-textual elementor-date-field\" placeholder=\"Fecha de nacimiento\" required=\"required\" aria-required=\"true\" pattern=\"[0-9]{4}-[0-9]{2}-[0-9]{2}\" max=\"2006-01-01\">\n\t\t\t\t\t\t<\/div>\n\t\t\t\t\t\t\t\t<div class=\"elementor-field-type-text elementor-field-group elementor-column elementor-field-group-Ciudad elementor-col-50 elementor-field-required elementor-mark-required\">\n\t\t\t\t\t\t\t\t\t\t\t\t<label for=\"form-field-Ciudad\" class=\"elementor-field-label\">\n\t\t\t\t\t\t\t\tCiudad\t\t\t\t\t\t\t<\/label>\n\t\t\t\t\t\t\t\t\t\t\t\t\t\t<input size=\"1\" type=\"text\" name=\"form_fields[Ciudad]\" id=\"form-field-Ciudad\" class=\"elementor-field elementor-size-md  elementor-field-textual\" placeholder=\"Ciudad\" required=\"required\" aria-required=\"true\">\n\t\t\t\t\t\t\t\t\t\t\t<\/div>\n\t\t\t\t\t\t\t\t<div class=\"elementor-field-type-text elementor-field-group elementor-column elementor-field-group-Profesion elementor-col-50 elementor-field-required elementor-mark-required\">\n\t\t\t\t\t\t\t\t\t\t\t\t<label for=\"form-field-Profesion\" class=\"elementor-field-label\">\n\t\t\t\t\t\t\t\tProfesi\u00f3n\t\t\t\t\t\t\t<\/label>\n\t\t\t\t\t\t\t\t\t\t\t\t\t\t<input size=\"1\" type=\"text\" name=\"form_fields[Profesion]\" id=\"form-field-Profesion\" class=\"elementor-field elementor-size-md  elementor-field-textual\" placeholder=\"Profesi\u00f3n\" required=\"required\" aria-required=\"true\">\n\t\t\t\t\t\t\t\t\t\t\t<\/div>\n\t\t\t\t\t\t\t\t<div class=\"elementor-field-type-tel elementor-field-group elementor-column elementor-field-group-whatsapp elementor-col-100 elementor-field-required elementor-mark-required\">\n\t\t\t\t\t\t\t\t\t\t\t\t<label for=\"form-field-whatsapp\" class=\"elementor-field-label\">\n\t\t\t\t\t\t\t\tCelular \/ WhatsApp\t\t\t\t\t\t\t<\/label>\n\t\t\t\t\t\t\t\t<input size=\"1\" type=\"tel\" name=\"form_fields[whatsapp]\" id=\"form-field-whatsapp\" class=\"elementor-field elementor-size-md  elementor-field-textual\" placeholder=\"Celular \/ WhatsApp\" required=\"required\" aria-required=\"true\" pattern=\"[0-9()#&amp;+*-=.]+\" title=\"Only numbers and phone characters (#, -, *, etc) are accepted.\">\n\n\t\t\t\t\t\t<\/div>\n\t\t\t\t\t\t\t\t<div class=\"elementor-field-type-email elementor-field-group elementor-column elementor-field-group-correo elementor-col-100\">\n\t\t\t\t\t\t\t\t\t\t\t\t<label for=\"form-field-correo\" class=\"elementor-field-label\">\n\t\t\t\t\t\t\t\tCorreo electr\u00f3nico\t\t\t\t\t\t\t<\/label>\n\t\t\t\t\t\t\t\t\t\t\t\t\t\t<input size=\"1\" type=\"email\" name=\"form_fields[correo]\" id=\"form-field-correo\" class=\"elementor-field elementor-size-md  elementor-field-textual\" placeholder=\"Correo electr\u00f3nico\">\n\t\t\t\t\t\t\t\t\t\t\t<\/div>\n\t\t\t\t\t\t\t\t<div class=\"elementor-field-type-select elementor-field-group elementor-column elementor-field-group-field_2a32287 elementor-col-100 elementor-field-required elementor-mark-required\">\n\t\t\t\t\t\t\t\t\t\t\t\t<label for=\"form-field-field_2a32287\" class=\"elementor-field-label\">\n\t\t\t\t\t\t\t\t\u00bfMe encuentro bien de salud?\t\t\t\t\t\t\t<\/label>\n\t\t\t\t\t\t\t\t<div class=\"elementor-field elementor-select-wrapper remove-before \">\n\t\t\t<div class=\"select-caret-down-wrapper\">\n\t\t\t\t<svg aria-hidden=\"true\" class=\"e-font-icon-svg e-eicon-caret-down\" viewBox=\"0 0 571.4 571.4\" xmlns=\"http:\/\/www.w3.org\/2000\/svg\"><path d=\"M571 393Q571 407 561 418L311 668Q300 679 286 679T261 668L11 418Q0 407 0 393T11 368 36 357H536Q550 357 561 368T571 393Z\"><\/path><\/svg>\t\t\t<\/div>\n\t\t\t<select name=\"form_fields[field_2a32287]\" id=\"form-field-field_2a32287\" class=\"elementor-field-textual elementor-size-md\" required=\"required\" aria-required=\"true\">\n\t\t\t\t\t\t\t\t\t<option value=\"No\">No<\/option>\n\t\t\t\t\t\t\t\t\t<option value=\"S\u00ed\">S\u00ed<\/option>\n\t\t\t\t\t\t\t<\/select>\n\t\t<\/div>\n\t\t\t\t\t\t<\/div>\n\t\t\t\t\t\t\t\t<div class=\"elementor-field-type-acceptance elementor-field-group elementor-column elementor-field-group-field_e7cb527 elementor-col-100 elementor-field-required elementor-mark-required\">\n\t\t\t\t\t\t\t<div class=\"elementor-field-subgroup\">\n\t\t\t<span class=\"elementor-field-option\">\n\t\t\t\t<input type=\"checkbox\" name=\"form_fields[field_e7cb527]\" id=\"form-field-field_e7cb527\" class=\"elementor-field elementor-size-md  elementor-acceptance-field\" required=\"required\" aria-required=\"true\">\n\t\t\t\t<label for=\"form-field-field_e7cb527\">Acepto aviso de privacidad<\/label>\t\t\t<\/span>\n\t\t<\/div>\n\t\t\t\t\t\t<\/div>\n\t\t\t\t\t\t\t\t<div class=\"elementor-field-group elementor-column elementor-field-type-submit elementor-col-100 e-form__buttons\">\n\t\t\t\t\t<button type=\"submit\" class=\"elementor-button elementor-size-md\">\n\t\t\t\t\t\t<span >\n\t\t\t\t\t\t\t\t\t\t\t\t\t\t\t<span class=\" elementor-button-icon\">\n\t\t\t\t\t\t\t\t\t\t\t\t\t\t\t\t\t\t\t\t\t\t\t\t\t\t<\/span>\n\t\t\t\t\t\t\t\t\t\t\t\t\t\t\t\t\t\t\t\t\t\t<span class=\"elementor-button-text\">Solicitar asesor\u00eda<\/span>\n\t\t\t\t\t\t\t\t\t\t\t\t\t<\/span>\n\t\t\t\t\t<\/button>\n\t\t\t\t<\/div>\n\t\t\t<\/div>\n\t\t<\/form>\n\t\t\t\t\t\t<\/div>\n\t\t\t\t<\/div>\n\t\t\t\t<\/div>\n\t\t<div class=\"elementor-element elementor-element-37757aa e-con-full e-flex e-con e-child\" data-id=\"37757aa\" data-element_type=\"container\">\n\t\t<div class=\"elementor-element elementor-element-3220e882 e-con-full e-flex e-con e-child\" data-id=\"3220e882\" data-element_type=\"container\">\n\t\t\t\t<div class=\"elementor-element elementor-element-56d56ade elementor-widget elementor-widget-heading\" data-id=\"56d56ade\" data-element_type=\"widget\" data-widget_type=\"heading.default\">\n\t\t\t\t<div class=\"elementor-widget-container\">\n\t\t\t\t\t<h6 class=\"elementor-heading-title elementor-size-default\">Preguntas frecuentes<\/h6>\t\t\t\t<\/div>\n\t\t\t\t<\/div>\n\t\t\t\t<div class=\"elementor-element elementor-element-630176ec elementor-widget elementor-widget-heading\" data-id=\"630176ec\" data-element_type=\"widget\" data-widget_type=\"heading.default\">\n\t\t\t\t<div class=\"elementor-widget-container\">\n\t\t\t\t\t<h2 class=\"elementor-heading-title elementor-size-default\">\u00bfTienes alguna duda?<\/h2>\t\t\t\t<\/div>\n\t\t\t\t<\/div>\n\t\t\t\t<\/div>\n\t\t\t\t<div class=\"elementor-element elementor-element-7f01e0b3 elementor-widget elementor-widget-elementskit-accordion\" data-id=\"7f01e0b3\" data-element_type=\"widget\" data-widget_type=\"elementskit-accordion.default\">\n\t\t\t\t<div class=\"elementor-widget-container\">\n\t\t\t\t\t<div class=\"ekit-wid-con\" >\n        <div class=\"elementskit-accordion accoedion-primary\" id=\"accordion-69d4454526a03\">\n\n            \n                <div class=\"elementskit-card \">\n                    <div class=\"elementskit-card-header\" id=\"primaryHeading-0-7f01e0b3\">\n                        <a href=\"#collapse-0fcf26969d4454526a03\" class=\"ekit-accordion--toggler elementskit-btn-link collapsed\" data-ekit-toggle=\"collapse\" data-target=\"#Collapse-0fcf26969d4454526a03\" aria-expanded=\"false\" aria-controls=\"Collapse-0fcf26969d4454526a03\">\n                            \n                            <span class=\"ekit-accordion-title\">\u00bfEn qu\u00e9 consiste una asesor\u00eda?<\/span>\n\n                            \n                                <div class=\"ekit_accordion_icon_group\">\n                                    <div class=\"ekit_accordion_normal_icon\">\n                                        <!-- Normal Icon -->\n\t\t\t\t\t\t\t\t\t\t<i class=\"icomoon icomoon-radio-unchecked\"><\/i>                                    <\/div>\n\n                                    <div class=\"ekit_accordion_active_icon\">\n                                        <!-- Active Icon -->\n\t\t\t\t\t\t\t\t\t\t<i class=\"icomoon icomoon-radio-checked\"><\/i>                                    <\/div>\n                                <\/div>\n\n                            \n                                                    <\/a>\n                    <\/div>\n\n                    <div id=\"Collapse-0fcf26969d4454526a03\" class=\" collapse\" aria-labelledby=\"primaryHeading-0-7f01e0b3\" data-parent=\"#accordion-69d4454526a03\">\n\n                        <div class=\"elementskit-card-body ekit-accordion--content\">\n                            <p>Es una reuni\u00f3n virtual o presencial con un asesor en donde analizar\u00e1n tu situaci\u00f3n financiera y te brindar\u00e1 opciones para crear, hacer crecer y\/o proteger tu patrimonio.<\/p>                        <\/div>\n\n                    <\/div>\n\n                <\/div><!-- .elementskit-card END -->\n\n                \n                <div class=\"elementskit-card \">\n                    <div class=\"elementskit-card-header\" id=\"primaryHeading-1-7f01e0b3\">\n                        <a href=\"#collapse-b6cabbc69d4454526a03\" class=\"ekit-accordion--toggler elementskit-btn-link collapsed\" data-ekit-toggle=\"collapse\" data-target=\"#Collapse-b6cabbc69d4454526a03\" aria-expanded=\"false\" aria-controls=\"Collapse-b6cabbc69d4454526a03\">\n                            \n                            <span class=\"ekit-accordion-title\">\u00bfQui\u00e9n protege mis datos?<\/span>\n\n                            \n                                <div class=\"ekit_accordion_icon_group\">\n                                    <div class=\"ekit_accordion_normal_icon\">\n                                        <!-- Normal Icon -->\n\t\t\t\t\t\t\t\t\t\t<i class=\"icomoon icomoon-radio-unchecked\"><\/i>                                    <\/div>\n\n                                    <div class=\"ekit_accordion_active_icon\">\n                                        <!-- Active Icon -->\n\t\t\t\t\t\t\t\t\t\t<i class=\"icomoon icomoon-radio-checked\"><\/i>                                    <\/div>\n                                <\/div>\n\n                            \n                                                    <\/a>\n                    <\/div>\n\n                    <div id=\"Collapse-b6cabbc69d4454526a03\" class=\" collapse\" aria-labelledby=\"primaryHeading-1-7f01e0b3\" data-parent=\"#accordion-69d4454526a03\">\n\n                        <div class=\"elementskit-card-body ekit-accordion--content\">\n                            <div class=\"MW5IWV\">\u00a0<\/div><div class=\"\"><div><div class=\"comp-lhutef7g\"><div class=\"StylableButton2545352419__container\">Toda tu informaci\u00f3n est\u00e1 bajo nuestro aviso de privacidad. Nuestro socio comercial principal es MetLife, quien respalda nuestros planes financieros, adem\u00e1s, todos nuestros asesores est\u00e1n certificados ante la CONDUCEF y cuentan con c\u00e9dula profesional.<\/div><\/div><\/div><\/div>                        <\/div>\n\n                    <\/div>\n\n                <\/div><!-- .elementskit-card END -->\n\n                \n                <div class=\"elementskit-card \">\n                    <div class=\"elementskit-card-header\" id=\"primaryHeading-2-7f01e0b3\">\n                        <a href=\"#collapse-f27f7d769d4454526a03\" class=\"ekit-accordion--toggler elementskit-btn-link collapsed\" data-ekit-toggle=\"collapse\" data-target=\"#Collapse-f27f7d769d4454526a03\" aria-expanded=\"false\" aria-controls=\"Collapse-f27f7d769d4454526a03\">\n                            \n                            <span class=\"ekit-accordion-title\">\u00bfCu\u00e1nto tiempo toma una asesor\u00eda?<\/span>\n\n                            \n                                <div class=\"ekit_accordion_icon_group\">\n                                    <div class=\"ekit_accordion_normal_icon\">\n                                        <!-- Normal Icon -->\n\t\t\t\t\t\t\t\t\t\t<i class=\"icomoon icomoon-radio-unchecked\"><\/i>                                    <\/div>\n\n                                    <div class=\"ekit_accordion_active_icon\">\n                                        <!-- Active Icon -->\n\t\t\t\t\t\t\t\t\t\t<i class=\"icomoon icomoon-radio-checked\"><\/i>                                    <\/div>\n                                <\/div>\n\n                            \n                                                    <\/a>\n                    <\/div>\n\n                    <div id=\"Collapse-f27f7d769d4454526a03\" class=\" collapse\" aria-labelledby=\"primaryHeading-2-7f01e0b3\" data-parent=\"#accordion-69d4454526a03\">\n\n                        <div class=\"elementskit-card-body ekit-accordion--content\">\n                            <p>La reuni\u00f3n tiene un lapso de 1 hora, en caso de necesitar m\u00e1s tiempo se reagendar\u00e1 siempre tomando en cuenta la disponibilidad del cliente.<\/p>                        <\/div>\n\n                    <\/div>\n\n                <\/div><!-- .elementskit-card END -->\n\n                \n                <div class=\"elementskit-card \">\n                    <div class=\"elementskit-card-header\" id=\"primaryHeading-3-7f01e0b3\">\n                        <a href=\"#collapse-e89292269d4454526a03\" class=\"ekit-accordion--toggler elementskit-btn-link collapsed\" data-ekit-toggle=\"collapse\" data-target=\"#Collapse-e89292269d4454526a03\" aria-expanded=\"false\" aria-controls=\"Collapse-e89292269d4454526a03\">\n                            \n                            <span class=\"ekit-accordion-title\">\u00bfCu\u00e1nto cuesta una p\u00f3liza?<\/span>\n\n                            \n                                <div class=\"ekit_accordion_icon_group\">\n                                    <div class=\"ekit_accordion_normal_icon\">\n                                        <!-- Normal Icon -->\n\t\t\t\t\t\t\t\t\t\t<i class=\"icomoon icomoon-radio-unchecked\"><\/i>                                    <\/div>\n\n                                    <div class=\"ekit_accordion_active_icon\">\n                                        <!-- Active Icon -->\n\t\t\t\t\t\t\t\t\t\t<i class=\"icomoon icomoon-radio-checked\"><\/i>                                    <\/div>\n                                <\/div>\n\n                            \n                                                    <\/a>\n                    <\/div>\n\n                    <div id=\"Collapse-e89292269d4454526a03\" class=\" collapse\" aria-labelledby=\"primaryHeading-3-7f01e0b3\" data-parent=\"#accordion-69d4454526a03\">\n\n                        <div class=\"elementskit-card-body ekit-accordion--content\">\n                            <p>El costo va a depender del an\u00e1lisis de tus ingresos y tus gastos. Es un traje hecho a la medida, el objetivo es que sea una cantidad justa que no te descapitalice y que te brinde beneficios tangibles.<\/p>                        <\/div>\n\n                    <\/div>\n\n                <\/div><!-- .elementskit-card END -->\n\n                \n                <div class=\"elementskit-card \">\n                    <div class=\"elementskit-card-header\" id=\"primaryHeading-4-7f01e0b3\">\n                        <a href=\"#collapse-6aa9f3a69d4454526a03\" class=\"ekit-accordion--toggler elementskit-btn-link collapsed\" data-ekit-toggle=\"collapse\" data-target=\"#Collapse-6aa9f3a69d4454526a03\" aria-expanded=\"false\" aria-controls=\"Collapse-6aa9f3a69d4454526a03\">\n                            \n                            <span class=\"ekit-accordion-title\">\u00bfUn seguro de vida te genera rendimientos?<\/span>\n\n                            \n                                <div class=\"ekit_accordion_icon_group\">\n                                    <div class=\"ekit_accordion_normal_icon\">\n                                        <!-- Normal Icon -->\n\t\t\t\t\t\t\t\t\t\t<i class=\"icomoon icomoon-radio-unchecked\"><\/i>                                    <\/div>\n\n                                    <div class=\"ekit_accordion_active_icon\">\n                                        <!-- Active Icon -->\n\t\t\t\t\t\t\t\t\t\t<i class=\"icomoon icomoon-radio-checked\"><\/i>                                    <\/div>\n                                <\/div>\n\n                            \n                                                    <\/a>\n                    <\/div>\n\n                    <div id=\"Collapse-6aa9f3a69d4454526a03\" class=\" collapse\" aria-labelledby=\"primaryHeading-4-7f01e0b3\" data-parent=\"#accordion-69d4454526a03\">\n\n                        <div class=\"elementskit-card-body ekit-accordion--content\">\n                            <p>S\u00ed, nuestros planes tienen el beneficio de brindarte rendimientos a corto, mediano y largo plazo. Adem\u00e1s de estar protegido, podr\u00e1s tener la seguridad de que podr\u00e1s disponer de tu dinero a mediano plazo.<\/p>                        <\/div>\n\n                    <\/div>\n\n                <\/div><!-- .elementskit-card END -->\n\n                                        <\/div>\n    <\/div>\t\t\t\t<\/div>\n\t\t\t\t<\/div>\n\t\t\t\t<\/div>\n\t\t\t\t\t<\/div>\n\t\t\t\t<\/div>\n\t\t<div class=\"elementor-element elementor-element-c35cba1 e-flex e-con-boxed e-con e-parent\" data-id=\"c35cba1\" data-element_type=\"container\" data-settings=\"{&quot;background_background&quot;:&quot;classic&quot;}\">\n\t\t\t\t\t<div class=\"e-con-inner\">\n\t\t<div class=\"elementor-element elementor-element-b4c4f34 e-flex e-con-boxed e-con e-child\" data-id=\"b4c4f34\" data-element_type=\"container\" data-settings=\"{&quot;background_background&quot;:&quot;video&quot;,&quot;background_video_link&quot;:&quot;https:\\\/\\\/videos.pexels.com\\\/video-files\\\/4122745\\\/4122745-uhd_3840_2160_24fps.mp4&quot;,&quot;background_video_start&quot;:35,&quot;background_video_end&quot;:100}\">\n\t\t\t\t\t<div class=\"e-con-inner\">\n\t\t<div class=\"elementor-background-video-container elementor-hidden-mobile\" aria-hidden=\"true\">\n\t\t\t\t\t\t\t<video class=\"elementor-background-video-hosted\" autoplay muted playsinline loop><\/video>\n\t\t\t\t\t<\/div><div class=\"elementor-element elementor-element-dd14cf3 e-flex e-con-boxed e-con e-child\" data-id=\"dd14cf3\" data-element_type=\"container\">\n\t\t\t\t\t<div class=\"e-con-inner\">\n\t\t\t\t<div class=\"elementor-element elementor-element-7ad0733 elementor-widget elementor-widget-heading\" data-id=\"7ad0733\" data-element_type=\"widget\" data-widget_type=\"heading.default\">\n\t\t\t\t<div class=\"elementor-widget-container\">\n\t\t\t\t\t<h2 class=\"elementor-heading-title elementor-size-default\">Nada es m\u00e1s valioso que la tranquilidad de estar protegido<\/h2>\t\t\t\t<\/div>\n\t\t\t\t<\/div>\n\t\t\t\t\t<\/div>\n\t\t\t\t<\/div>\n\t\t\t\t<div class=\"elementor-element elementor-element-c64921a elementor-widget__width-auto elementor-absolute elementor-widget elementor-widget-image\" data-id=\"c64921a\" data-element_type=\"widget\" data-settings=\"{&quot;_position&quot;:&quot;absolute&quot;}\" data-widget_type=\"image.default\">\n\t\t\t\t<div class=\"elementor-widget-container\">\n\t\t\t\t\t\t\t\t\t\t\t\t\t\t\t<img decoding=\"async\" width=\"799\" height=\"799\" src=\"https:\/\/asesoressr.com\/wp-content\/uploads\/2024\/04\/Masking003.png\" class=\"attachment-full size-full wp-image-30\" alt=\"\" srcset=\"https:\/\/asesoressr.com\/wp-content\/uploads\/2024\/04\/Masking003.png 799w, https:\/\/asesoressr.com\/wp-content\/uploads\/2024\/04\/Masking003-300x300.png 300w, https:\/\/asesoressr.com\/wp-content\/uploads\/2024\/04\/Masking003-150x150.png 150w, https:\/\/asesoressr.com\/wp-content\/uploads\/2024\/04\/Masking003-768x768.png 768w\" sizes=\"(max-width: 799px) 100vw, 799px\" \/>\t\t\t\t\t\t\t\t\t\t\t\t\t\t\t<\/div>\n\t\t\t\t<\/div>\n\t\t\t\t\t<\/div>\n\t\t\t\t<\/div>\n\t\t\t\t\t<\/div>\n\t\t\t\t<\/div>\n\t\t\t\t<\/div>\n\t\t","protected":false},"excerpt":{"rendered":"<p>Si llegaste hasta aqu\u00ed, \u00a1est\u00e1s listo! Agendar asesor\u00eda Completa los datos del formulario, tu solicitud de asesor\u00eda le llegar\u00e1 a nuestro equipo comercial y se pondr\u00e1n en contacto contigo v\u00eda WhatsApp para agendar fecha y hora. Preguntas frecuentes \u00bfTienes alguna duda? \u00bfEn qu\u00e9 consiste una asesor\u00eda? Es una reuni\u00f3n virtual o presencial con un asesor [&hellip;]<\/p>\n","protected":false},"author":2,"featured_media":0,"parent":0,"menu_order":0,"comment_status":"closed","ping_status":"closed","template":"elementor_header_footer","meta":{"footnotes":""},"class_list":["post-466","page","type-page","status-publish","hentry"],"_links":{"self":[{"href":"https:\/\/asesoressr.com\/index.php?rest_route=\/wp\/v2\/pages\/466","targetHints":{"allow":["GET"]}}],"collection":[{"href":"https:\/\/asesoressr.com\/index.php?rest_route=\/wp\/v2\/pages"}],"about":[{"href":"https:\/\/asesoressr.com\/index.php?rest_route=\/wp\/v2\/types\/page"}],"author":[{"embeddable":true,"href":"https:\/\/asesoressr.com\/index.php?rest_route=\/wp\/v2\/users\/2"}],"replies":[{"embeddable":true,"href":"https:\/\/asesoressr.com\/index.php?rest_route=%2Fwp%2Fv2%2Fcomments&post=466"}],"version-history":[{"count":53,"href":"https:\/\/asesoressr.com\/index.php?rest_route=\/wp\/v2\/pages\/466\/revisions"}],"predecessor-version":[{"id":1126,"href":"https:\/\/asesoressr.com\/index.php?rest_route=\/wp\/v2\/pages\/466\/revisions\/1126"}],"wp:attachment":[{"href":"https:\/\/asesoressr.com\/index.php?rest_route=%2Fwp%2Fv2%2Fmedia&parent=466"}],"curies":[{"name":"wp","href":"https:\/\/api.w.org\/{rel}","templated":true}]}}